{"id":10,"date":"2023-11-21T12:11:34","date_gmt":"2023-11-21T11:11:34","guid":{"rendered":"https:\/\/jigmerinpoche.org\/?page_id=10"},"modified":"2025-03-15T21:16:42","modified_gmt":"2025-03-15T20:16:42","slug":"accueil","status":"publish","type":"page","link":"https:\/\/jigmerinpoche.org\/fr\/","title":{"rendered":"Accueil"},"content":{"rendered":"<p>[et_pb_section fb_built=\u00a0\u00bb1&Prime; _builder_version=\u00a0\u00bb4.16&Prime; _module_preset=\u00a0\u00bbdefault\u00a0\u00bb custom_padding=\u00a0\u00bb0px||0px|||\u00a0\u00bb global_colors_info=\u00a0\u00bb{}\u00a0\u00bb][et_pb_row column_structure=\u00a0\u00bb2_5,3_5&Prime; _builder_version=\u00a0\u00bb4.16&Prime; _module_preset=\u00a0\u00bbdefault\u00a0\u00bb width=\u00a0\u00bb100%\u00a0\u00bb max_width=\u00a0\u00bb2560px\u00a0\u00bb custom_padding=\u00a0\u00bb0px||0px|||\u00a0\u00bb global_colors_info=\u00a0\u00bb{}\u00a0\u00bb][et_pb_column type=\u00a0\u00bb2_5&Prime; _builder_version=\u00a0\u00bb4.16&Prime; _module_preset=\u00a0\u00bbdefault\u00a0\u00bb global_colors_info=\u00a0\u00bb{}\u00a0\u00bb][et_pb_image src=\u00a0\u00bbhttps:\/\/jigmerinpoche.org\/wp-content\/uploads\/2023\/11\/photo_homepage_copyright.jpg\u00a0\u00bb alt=\u00a0\u00bbLama Jigm\u00e9 Rinpoch\u00e9\u00a0\u00bb title_text=\u00a0\u00bbLama Jigm\u00e9 Rinpoch\u00e9\u00a0\u00bb _builder_version=\u00a0\u00bb4.23.1&Prime; _module_preset=\u00a0\u00bbdefault\u00a0\u00bb custom_margin=\u00a0\u00bb1px|-28px||||\u00a0\u00bb global_colors_info=\u00a0\u00bb{}\u00a0\u00bb][\/et_pb_image][\/et_pb_column][et_pb_column type=\u00a0\u00bb3_5&Prime; _builder_version=\u00a0\u00bb4.16&Prime; _module_preset=\u00a0\u00bbdefault\u00a0\u00bb custom_padding=\u00a0\u00bb42px|50px|40px|0px|false|false\u00a0\u00bb custom_padding_tablet=\u00a0\u00bb33px||40px|50px|false|false\u00a0\u00bb custom_padding_phone=\u00a0\u00bb|32px||35px|false|false\u00a0\u00bb custom_padding_last_edited=\u00a0\u00bbon|phone\u00a0\u00bb global_colors_info=\u00a0\u00bb{}\u00a0\u00bb][et_pb_text admin_label=\u00a0\u00bbText\u00a0\u00bb _builder_version=\u00a0\u00bb4.27.4&Prime; text_line_height=\u00a0\u00bb1.8em\u00a0\u00bb background_size=\u00a0\u00bbinitial\u00a0\u00bb background_position=\u00a0\u00bbtop_left\u00a0\u00bb background_repeat=\u00a0\u00bbrepeat\u00a0\u00bb hover_enabled=\u00a0\u00bb0&Prime; use_border_color=\u00a0\u00bboff\u00a0\u00bb border_color=\u00a0\u00bb#ffffff\u00a0\u00bb border_style=\u00a0\u00bbsolid\u00a0\u00bb global_colors_info=\u00a0\u00bb{}\u00a0\u00bb sticky_enabled=\u00a0\u00bb0&Prime;]<\/p>\n<p>Jigm\u00e9 Rinpoch\u00e9 est un pratiquant et enseignant bouddhiste qui s\u2019est rendu en France \u00e0 la demande de son ma\u00eetre, Sa Saintet\u00e9 le XVI<sup>e<\/sup> Gyalwa Karmapa, en 1975. Il est le fondateur de la premi\u00e8re congr\u00e9gation religieuse non catholique en France \u00e0 \u00eatre reconnue par les autorit\u00e9s de l\u2019\u00c9tat fran\u00e7ais, ce qui a grandement contribu\u00e9 \u00e0 l\u2019implantation du Dharma en Europe pour toutes les \u00e9coles du bouddhisme.<\/p>\n<p>Jigm\u00e9 Rinpoch\u00e9 s\u2019est consacr\u00e9 au d\u00e9veloppement de Dhagpo Kagyu Ling (en Dordogne) et a entrepris un voyage \u00e0 travers le continent europ\u00e9en, \u00e0 la rencontre des Occidentaux. Sa connaissance et son exp\u00e9rience de l\u2019Occident acquises au cours des cinquante derni\u00e8res ann\u00e9es facilitent une adaptation fluide des enseignements du Bouddha \u00e0 la soci\u00e9t\u00e9 occidentale.<\/p>\n<p>En 2012, Thay\u00e9 Dorj\u00e9, Sa Saintet\u00e9 le XVII<sup>e<\/sup> Gyalwa Karmapa, a d\u00e9sign\u00e9 Jigm\u00e9 Rinpoch\u00e9 comme secr\u00e9taire g\u00e9n\u00e9ral en charge de l\u2019administration internationale de la lign\u00e9e karma kagy\u00fc. Ainsi, Jigm\u00e9 Rinpoch\u00e9 voyage dans le monde entier, supervisant le fonctionnement et le d\u00e9veloppement des centres et monast\u00e8res karma kagy\u00fc directement reli\u00e9s \u00e0 Karmapa.<\/p>\n<p>Afin de pr\u00e9server et de prolonger le travail de Shamar Rinpoch\u00e9 pour le bienfait des \u00eatres sensibles, Jigm\u00e9 Rinpoch\u00e9 s&rsquo;occupe, depuis son d\u00e9c\u00e8s en 2014, du syst\u00e8me \u00e9ducatif que celui-ci avait mis en place avec une \u00e9cole primaire \u00e0 <a href=\"https:\/\/www.infinite-compassion.de\/fr\/indien-diwakar-grundschule-academy\/\" target=\"_blank\" rel=\"noopener\">Takdhah<\/a>, pr\u00e8s de Darjeeling, en Inde, avec l\u2019<a href=\"https:\/\/diwakar.org\/\" target=\"_blank\" rel=\"noopener\">Institut Sri Diwakar Buddhist Academy<\/a> \u00e0 Kalimpong, en Inde \u00e9galement et avec l\u2019Institut d\u2019\u00e9tudes sup\u00e9rieures bouddhiques de <a href=\"https:\/\/www.infinite-compassion.de\/fr\/nepal-sharminub-institut\/\" target=\"_blank\" rel=\"noopener\">Sharminub<\/a> \u00e0 Katmandou, au N\u00e9pal.<\/p>\n<p>Par ailleurs, Jigm\u00e9 Rinpoch\u00e9 est l&rsquo;auteur de plusieurs livres traduits en diverses langues.<\/p>\n<p>[\/et_pb_text][\/et_pb_column][\/et_pb_row][\/et_pb_section]<\/p>\n","protected":false},"excerpt":{"rendered":"<p>Jigm\u00e9 Rinpoch\u00e9 est un pratiquant et enseignant bouddhiste qui s\u2019est rendu en France \u00e0 la demande de son ma\u00eetre, Sa Saintet\u00e9 le XVIe Gyalwa Karmapa, en 1975. Il est le [&hellip;]<\/p>\n","protected":false},"author":1,"featured_media":0,"parent":0,"menu_order":0,"comment_status":"closed","ping_status":"closed","template":"","meta":{"_et_pb_use_builder":"on","_et_pb_old_content":"","_et_gb_content_width":"","footnotes":""},"class_list":["post-10","page","type-page","status-publish","hentry"],"_links":{"self":[{"href":"https:\/\/jigmerinpoche.org\/fr\/wp-json\/wp\/v2\/pages\/10","targetHints":{"allow":["GET"]}}],"collection":[{"href":"https:\/\/jigmerinpoche.org\/fr\/wp-json\/wp\/v2\/pages"}],"about":[{"href":"https:\/\/jigmerinpoche.org\/fr\/wp-json\/wp\/v2\/types\/page"}],"author":[{"embeddable":true,"href":"https:\/\/jigmerinpoche.org\/fr\/wp-json\/wp\/v2\/users\/1"}],"replies":[{"embeddable":true,"href":"https:\/\/jigmerinpoche.org\/fr\/wp-json\/wp\/v2\/comments?post=10"}],"version-history":[{"count":10,"href":"https:\/\/jigmerinpoche.org\/fr\/wp-json\/wp\/v2\/pages\/10\/revisions"}],"predecessor-version":[{"id":1302,"href":"https:\/\/jigmerinpoche.org\/fr\/wp-json\/wp\/v2\/pages\/10\/revisions\/1302"}],"wp:attachment":[{"href":"https:\/\/jigmerinpoche.org\/fr\/wp-json\/wp\/v2\/media?parent=10"}],"curies":[{"name":"wp","href":"https:\/\/api.w.org\/{rel}","templated":true}]}}