{"id":798,"date":"2023-12-07T11:54:25","date_gmt":"2023-12-07T10:54:25","guid":{"rendered":"https:\/\/jigmerinpoche.org\/?page_id=798"},"modified":"2023-12-07T11:54:29","modified_gmt":"2023-12-07T10:54:29","slug":"videos","status":"publish","type":"page","link":"https:\/\/jigmerinpoche.org\/fr\/videos\/","title":{"rendered":"Vid\u00e9os"},"content":{"rendered":"<p>[et_pb_section fb_built=\u00a0\u00bb1&Prime; admin_label=\u00a0\u00bbSection titre\u00a0\u00bb _builder_version=\u00a0\u00bb4.16&Prime; _module_preset=\u00a0\u00bbdefault\u00a0\u00bb background_color=\u00a0\u00bb#f4f4f4&Prime; custom_padding=\u00a0\u00bb11px||11px||false|false\u00a0\u00bb global_colors_info=\u00a0\u00bb{}\u00a0\u00bb theme_builder_area=\u00a0\u00bbpost_content\u00a0\u00bb][et_pb_row _builder_version=\u00a0\u00bb4.16&Prime; _module_preset=\u00a0\u00bbdefault\u00a0\u00bb global_colors_info=\u00a0\u00bb{}\u00a0\u00bb theme_builder_area=\u00a0\u00bbpost_content\u00a0\u00bb][et_pb_column type=\u00a0\u00bb4_4&Prime; _builder_version=\u00a0\u00bb4.16&Prime; _module_preset=\u00a0\u00bbdefault\u00a0\u00bb global_colors_info=\u00a0\u00bb{}\u00a0\u00bb theme_builder_area=\u00a0\u00bbpost_content\u00a0\u00bb][et_pb_text _builder_version=\u00a0\u00bb4.16&Prime; _module_preset=\u00a0\u00bbdefault\u00a0\u00bb header_font=\u00a0\u00bb||||||||\u00a0\u00bb custom_padding=\u00a0\u00bb10px||||false|false\u00a0\u00bb custom_css_main_element=\u00a0\u00bbdisplay: inline-block;\u00a0\u00bb border_width_top=\u00a0\u00bb1px\u00a0\u00bb border_color_top=\u00a0\u00bb#660303&Prime; border_width_bottom=\u00a0\u00bb1px\u00a0\u00bb border_color_bottom=\u00a0\u00bb#660303&Prime; global_colors_info=\u00a0\u00bb{}\u00a0\u00bb theme_builder_area=\u00a0\u00bbpost_content\u00a0\u00bb]<\/p>\n<h1>Vid\u00e9os<\/h1>\n<div id=\"gtx-trans\" style=\"position: absolute; left: 69px; top: 5.5px;\">\n<div class=\"gtx-trans-icon\">\u00a0<\/div>\n<\/div>\n<p>[\/et_pb_text][\/et_pb_column][\/et_pb_row][\/et_pb_section][et_pb_section fb_built=\u00a0\u00bb1&Prime; admin_label=\u00a0\u00bbsection\u00a0\u00bb _builder_version=\u00a0\u00bb4.16&Prime; custom_padding=\u00a0\u00bb54px|0px|54px|0px|false|false\u00a0\u00bb global_colors_info=\u00a0\u00bb{}\u00a0\u00bb theme_builder_area=\u00a0\u00bbpost_content\u00a0\u00bb][et_pb_row column_structure=\u00a0\u00bb1_2,1_2&Prime; _builder_version=\u00a0\u00bb4.16&Prime; _module_preset=\u00a0\u00bbdefault\u00a0\u00bb global_colors_info=\u00a0\u00bb{}\u00a0\u00bb theme_builder_area=\u00a0\u00bbpost_content\u00a0\u00bb][et_pb_column type=\u00a0\u00bb1_2&Prime; _builder_version=\u00a0\u00bb4.16&Prime; _module_preset=\u00a0\u00bbdefault\u00a0\u00bb global_colors_info=\u00a0\u00bb{}\u00a0\u00bb theme_builder_area=\u00a0\u00bbpost_content\u00a0\u00bb][et_pb_text _builder_version=\u00a0\u00bb4.16&Prime; _module_preset=\u00a0\u00bbdefault\u00a0\u00bb header_2_font=\u00a0\u00bb|300|||||||\u00a0\u00bb header_2_font_size=\u00a0\u00bb22px\u00a0\u00bb global_colors_info=\u00a0\u00bb{}\u00a0\u00bb theme_builder_area=\u00a0\u00bbpost_content\u00a0\u00bb]<\/p>\n<h2>Clart\u00e9 et compassion &#8211; Retraite \u00e0 domicile d&rsquo;\u00e9tude et de m\u00e9ditation &#8211; Avril 2021<\/h2>\n<p>[\/et_pb_text][et_pb_video_slider controls_color=\u00a0\u00bbdark\u00a0\u00bb _builder_version=\u00a0\u00bb4.16&Prime; width=\u00a0\u00bb100%\u00a0\u00bb module_alignment=\u00a0\u00bbcenter\u00a0\u00bb global_colors_info=\u00a0\u00bb{}\u00a0\u00bb theme_builder_area=\u00a0\u00bbpost_content\u00a0\u00bb][et_pb_video_slider_item admin_title=\u00a0\u00bbClart\u00e9 et compassion 1&Prime; src=\u00a0\u00bbhttps:\/\/youtu.be\/HwJU4eI1kO8&Prime; _builder_version=\u00a0\u00bb4.9.10&Prime; _module_preset=\u00a0\u00bbdefault\u00a0\u00bb global_colors_info=\u00a0\u00bb{}\u00a0\u00bb theme_builder_area=\u00a0\u00bbpost_content\u00a0\u00bb show_image_overlay=\u00a0\u00bboff\u00a0\u00bb][\/et_pb_video_slider_item][et_pb_video_slider_item admin_title=\u00a0\u00bbC &#038; C 2&Prime; src=\u00a0\u00bbhttps:\/\/youtu.be\/bF4vlO7NdVk\u00a0\u00bb _builder_version=\u00a0\u00bb4.9.10&Prime; _module_preset=\u00a0\u00bbdefault\u00a0\u00bb global_colors_info=\u00a0\u00bb{}\u00a0\u00bb theme_builder_area=\u00a0\u00bbpost_content\u00a0\u00bb show_image_overlay=\u00a0\u00bboff\u00a0\u00bb][\/et_pb_video_slider_item][et_pb_video_slider_item admin_title=\u00a0\u00bbC &#038; C 3&Prime; src=\u00a0\u00bbhttps:\/\/youtu.be\/282DBIjogOc\u00a0\u00bb _builder_version=\u00a0\u00bb4.9.10&Prime; _module_preset=\u00a0\u00bbdefault\u00a0\u00bb global_colors_info=\u00a0\u00bb{}\u00a0\u00bb theme_builder_area=\u00a0\u00bbpost_content\u00a0\u00bb show_image_overlay=\u00a0\u00bboff\u00a0\u00bb][\/et_pb_video_slider_item][et_pb_video_slider_item admin_title=\u00a0\u00bbC &#038; C 4&Prime; src=\u00a0\u00bbhttps:\/\/youtu.be\/LyPNvEs07HM\u00a0\u00bb _builder_version=\u00a0\u00bb4.9.10&Prime; _module_preset=\u00a0\u00bbdefault\u00a0\u00bb global_colors_info=\u00a0\u00bb{}\u00a0\u00bb theme_builder_area=\u00a0\u00bbpost_content\u00a0\u00bb show_image_overlay=\u00a0\u00bboff\u00a0\u00bb][\/et_pb_video_slider_item][\/et_pb_video_slider][\/et_pb_column][et_pb_column type=\u00a0\u00bb1_2&Prime; _builder_version=\u00a0\u00bb4.16&Prime; _module_preset=\u00a0\u00bbdefault\u00a0\u00bb global_colors_info=\u00a0\u00bb{}\u00a0\u00bb theme_builder_area=\u00a0\u00bbpost_content\u00a0\u00bb][et_pb_text _builder_version=\u00a0\u00bb4.16&Prime; _module_preset=\u00a0\u00bbdefault\u00a0\u00bb header_2_font=\u00a0\u00bb|300|||||||\u00a0\u00bb header_2_font_size=\u00a0\u00bb22px\u00a0\u00bb global_colors_info=\u00a0\u00bb{}\u00a0\u00bb theme_builder_area=\u00a0\u00bbpost_content\u00a0\u00bb]<\/p>\n<h2>Confiner le corps, affiner l&rsquo;esprit &#8211; 2020<\/h2>\n<p>[\/et_pb_text][et_pb_video_slider controls_color=\u00a0\u00bbdark\u00a0\u00bb _builder_version=\u00a0\u00bb4.16&Prime; width=\u00a0\u00bb100%\u00a0\u00bb module_alignment=\u00a0\u00bbcenter\u00a0\u00bb global_colors_info=\u00a0\u00bb{}\u00a0\u00bb theme_builder_area=\u00a0\u00bbpost_content\u00a0\u00bb][et_pb_video_slider_item admin_title=\u00a0\u00bbConfiner CE 1&Prime; src=\u00a0\u00bbhttps:\/\/youtu.be\/6gd9QgJXiI8&Prime; _builder_version=\u00a0\u00bb4.8.2&Prime; _module_preset=\u00a0\u00bbdefault\u00a0\u00bb global_colors_info=\u00a0\u00bb{}\u00a0\u00bb theme_builder_area=\u00a0\u00bbpost_content\u00a0\u00bb show_image_overlay=\u00a0\u00bboff\u00a0\u00bb][\/et_pb_video_slider_item][et_pb_video_slider_item admin_title=\u00a0\u00bbConfiner 2&Prime; src=\u00a0\u00bbhttps:\/\/youtu.be\/GodglEDMVAw\u00a0\u00bb _builder_version=\u00a0\u00bb4.8.2&Prime; _module_preset=\u00a0\u00bbdefault\u00a0\u00bb global_colors_info=\u00a0\u00bb{}\u00a0\u00bb theme_builder_area=\u00a0\u00bbpost_content\u00a0\u00bb show_image_overlay=\u00a0\u00bboff\u00a0\u00bb][\/et_pb_video_slider_item][et_pb_video_slider_item admin_title=\u00a0\u00bbconfiner 3&Prime; src=\u00a0\u00bbhttps:\/\/youtu.be\/1PbVP1_Bl7E\u00a0\u00bb _builder_version=\u00a0\u00bb4.8.2&Prime; _module_preset=\u00a0\u00bbdefault\u00a0\u00bb global_colors_info=\u00a0\u00bb{}\u00a0\u00bb theme_builder_area=\u00a0\u00bbpost_content\u00a0\u00bb show_image_overlay=\u00a0\u00bboff\u00a0\u00bb][\/et_pb_video_slider_item][et_pb_video_slider_item admin_title=\u00a0\u00bbconfiner 4&Prime; src=\u00a0\u00bbhttps:\/\/youtu.be\/vTFAIi5Twbs\u00a0\u00bb _builder_version=\u00a0\u00bb4.8.2&Prime; _module_preset=\u00a0\u00bbdefault\u00a0\u00bb global_colors_info=\u00a0\u00bb{}\u00a0\u00bb theme_builder_area=\u00a0\u00bbpost_content\u00a0\u00bb show_image_overlay=\u00a0\u00bboff\u00a0\u00bb][\/et_pb_video_slider_item][et_pb_video_slider_item admin_title=\u00a0\u00bbconfiner 5&Prime; src=\u00a0\u00bbhttps:\/\/youtu.be\/cLW4VyIq6SU\u00a0\u00bb _builder_version=\u00a0\u00bb4.8.2&Prime; _module_preset=\u00a0\u00bbdefault\u00a0\u00bb global_colors_info=\u00a0\u00bb{}\u00a0\u00bb theme_builder_area=\u00a0\u00bbpost_content\u00a0\u00bb show_image_overlay=\u00a0\u00bboff\u00a0\u00bb][\/et_pb_video_slider_item][et_pb_video_slider_item admin_title=\u00a0\u00bbconfiner 6&Prime; src=\u00a0\u00bbhttps:\/\/youtu.be\/5yZZKNGBRAs\u00a0\u00bb _builder_version=\u00a0\u00bb4.8.2&Prime; _module_preset=\u00a0\u00bbdefault\u00a0\u00bb global_colors_info=\u00a0\u00bb{}\u00a0\u00bb theme_builder_area=\u00a0\u00bbpost_content\u00a0\u00bb show_image_overlay=\u00a0\u00bboff\u00a0\u00bb][\/et_pb_video_slider_item][et_pb_video_slider_item admin_title=\u00a0\u00bbconfiner 7&Prime; src=\u00a0\u00bbhttps:\/\/youtu.be\/iAHeNuSX5MI\u00a0\u00bb _builder_version=\u00a0\u00bb4.8.2&Prime; _module_preset=\u00a0\u00bbdefault\u00a0\u00bb global_colors_info=\u00a0\u00bb{}\u00a0\u00bb theme_builder_area=\u00a0\u00bbpost_content\u00a0\u00bb show_image_overlay=\u00a0\u00bboff\u00a0\u00bb][\/et_pb_video_slider_item][et_pb_video_slider_item admin_title=\u00a0\u00bbconfinement 8&Prime; src=\u00a0\u00bbhttps:\/\/youtu.be\/WcLS-_AfJBU\u00a0\u00bb _builder_version=\u00a0\u00bb4.8.2&Prime; _module_preset=\u00a0\u00bbdefault\u00a0\u00bb global_colors_info=\u00a0\u00bb{}\u00a0\u00bb theme_builder_area=\u00a0\u00bbpost_content\u00a0\u00bb show_image_overlay=\u00a0\u00bboff\u00a0\u00bb][\/et_pb_video_slider_item][et_pb_video_slider_item admin_title=\u00a0\u00bbconfiner 9&Prime; src=\u00a0\u00bbhttps:\/\/youtu.be\/wbnt6vEWh5I\u00a0\u00bb _builder_version=\u00a0\u00bb4.8.2&Prime; _module_preset=\u00a0\u00bbdefault\u00a0\u00bb global_colors_info=\u00a0\u00bb{}\u00a0\u00bb theme_builder_area=\u00a0\u00bbpost_content\u00a0\u00bb show_image_overlay=\u00a0\u00bboff\u00a0\u00bb][\/et_pb_video_slider_item][et_pb_video_slider_item admin_title=\u00a0\u00bbconfiner 10&Prime; src=\u00a0\u00bbhttps:\/\/youtu.be\/Xa9wyUZ5-cg\u00a0\u00bb _builder_version=\u00a0\u00bb4.8.2&Prime; _module_preset=\u00a0\u00bbdefault\u00a0\u00bb global_colors_info=\u00a0\u00bb{}\u00a0\u00bb theme_builder_area=\u00a0\u00bbpost_content\u00a0\u00bb show_image_overlay=\u00a0\u00bboff\u00a0\u00bb][\/et_pb_video_slider_item][et_pb_video_slider_item admin_title=\u00a0\u00bbconfiner 11&Prime; src=\u00a0\u00bbhttps:\/\/youtu.be\/6f7fv_laTh0&Prime; _builder_version=\u00a0\u00bb4.8.2&Prime; _module_preset=\u00a0\u00bbdefault\u00a0\u00bb global_colors_info=\u00a0\u00bb{}\u00a0\u00bb theme_builder_area=\u00a0\u00bbpost_content\u00a0\u00bb show_image_overlay=\u00a0\u00bboff\u00a0\u00bb][\/et_pb_video_slider_item][et_pb_video_slider_item admin_title=\u00a0\u00bbconfiner 12&Prime; src=\u00a0\u00bbhttps:\/\/www.youtube.com\/watch?v=FkQuawiGWUw\u00a0\u00bb src_webm=\u00a0\u00bbhttps:\/\/youtu.be\/O4JVsbhlkmA\u00a0\u00bb _builder_version=\u00a0\u00bb4.8.2&Prime; _module_preset=\u00a0\u00bbdefault\u00a0\u00bb global_colors_info=\u00a0\u00bb{}\u00a0\u00bb theme_builder_area=\u00a0\u00bbpost_content\u00a0\u00bb show_image_overlay=\u00a0\u00bboff\u00a0\u00bb][\/et_pb_video_slider_item][et_pb_video_slider_item admin_title=\u00a0\u00bbconfiner 13&Prime; src=\u00a0\u00bbhttps:\/\/youtu.be\/GAzTrhf1Rs4&Prime; _builder_version=\u00a0\u00bb4.8.2&Prime; _module_preset=\u00a0\u00bbdefault\u00a0\u00bb global_colors_info=\u00a0\u00bb{}\u00a0\u00bb theme_builder_area=\u00a0\u00bbpost_content\u00a0\u00bb show_image_overlay=\u00a0\u00bboff\u00a0\u00bb][\/et_pb_video_slider_item][et_pb_video_slider_item admin_title=\u00a0\u00bbconfiner 14&Prime; src=\u00a0\u00bbhttps:\/\/www.youtube.com\/watch?v=FkQuawiGWUw\u00a0\u00bb src_webm=\u00a0\u00bbhttps:\/\/youtu.be\/_K5oDTIemHg\u00a0\u00bb _builder_version=\u00a0\u00bb4.8.2&Prime; _module_preset=\u00a0\u00bbdefault\u00a0\u00bb global_colors_info=\u00a0\u00bb{}\u00a0\u00bb theme_builder_area=\u00a0\u00bbpost_content\u00a0\u00bb show_image_overlay=\u00a0\u00bboff\u00a0\u00bb][\/et_pb_video_slider_item][et_pb_video_slider_item admin_title=\u00a0\u00bbconfiner 15&Prime; src=\u00a0\u00bbhttps:\/\/youtu.be\/Zhp9nQdDXHk\u00a0\u00bb _builder_version=\u00a0\u00bb4.8.2&Prime; _module_preset=\u00a0\u00bbdefault\u00a0\u00bb global_colors_info=\u00a0\u00bb{}\u00a0\u00bb theme_builder_area=\u00a0\u00bbpost_content\u00a0\u00bb show_image_overlay=\u00a0\u00bboff\u00a0\u00bb][\/et_pb_video_slider_item][et_pb_video_slider_item admin_title=\u00a0\u00bbconfiner 16&Prime; src=\u00a0\u00bbhttps:\/\/youtu.be\/XVWZUZi8CxY\u00a0\u00bb _builder_version=\u00a0\u00bb4.8.2&Prime; _module_preset=\u00a0\u00bbdefault\u00a0\u00bb global_colors_info=\u00a0\u00bb{}\u00a0\u00bb theme_builder_area=\u00a0\u00bbpost_content\u00a0\u00bb show_image_overlay=\u00a0\u00bboff\u00a0\u00bb][\/et_pb_video_slider_item][\/et_pb_video_slider][\/et_pb_column][\/et_pb_row][et_pb_row column_structure=\u00a0\u00bb1_2,1_2&Prime; _builder_version=\u00a0\u00bb4.16&Prime; _module_preset=\u00a0\u00bbdefault\u00a0\u00bb global_colors_info=\u00a0\u00bb{}\u00a0\u00bb theme_builder_area=\u00a0\u00bbpost_content\u00a0\u00bb][et_pb_column type=\u00a0\u00bb1_2&Prime; _builder_version=\u00a0\u00bb4.16&Prime; _module_preset=\u00a0\u00bbdefault\u00a0\u00bb global_colors_info=\u00a0\u00bb{}\u00a0\u00bb theme_builder_area=\u00a0\u00bbpost_content\u00a0\u00bb][et_pb_text _builder_version=\u00a0\u00bb4.16&Prime; _module_preset=\u00a0\u00bbdefault\u00a0\u00bb header_2_font=\u00a0\u00bb|300|||||||\u00a0\u00bb header_2_font_size=\u00a0\u00bb22px\u00a0\u00bb global_colors_info=\u00a0\u00bb{}\u00a0\u00bb theme_builder_area=\u00a0\u00bbpost_content\u00a0\u00bb]<\/p>\n<h2>Clart\u00e9 et compassion &#8211; Retraite \u00e0 domicile d&rsquo;\u00e9tude et de m\u00e9ditation &#8211; D\u00e9cembre 2021<\/h2>\n<p>[\/et_pb_text][et_pb_video_slider controls_color=\u00a0\u00bbdark\u00a0\u00bb _builder_version=\u00a0\u00bb4.16&Prime; width=\u00a0\u00bb100%\u00a0\u00bb module_alignment=\u00a0\u00bbcenter\u00a0\u00bb global_colors_info=\u00a0\u00bb{}\u00a0\u00bb theme_builder_area=\u00a0\u00bbpost_content\u00a0\u00bb][et_pb_video_slider_item admin_title=\u00a0\u00bbClart\u00e9 et compassion 1&Prime; src=\u00a0\u00bbhttps:\/\/youtu.be\/y0WVv4fzut4&Prime; _builder_version=\u00a0\u00bb4.8.2&Prime; _module_preset=\u00a0\u00bbdefault\u00a0\u00bb global_colors_info=\u00a0\u00bb{}\u00a0\u00bb theme_builder_area=\u00a0\u00bbpost_content\u00a0\u00bb show_image_overlay=\u00a0\u00bboff\u00a0\u00bb][\/et_pb_video_slider_item][et_pb_video_slider_item admin_title=\u00a0\u00bbC &#038; C 2&Prime; src=\u00a0\u00bbhttps:\/\/youtu.be\/UufEUSio8q4&Prime; _builder_version=\u00a0\u00bb4.8.2&Prime; _module_preset=\u00a0\u00bbdefault\u00a0\u00bb global_colors_info=\u00a0\u00bb{}\u00a0\u00bb theme_builder_area=\u00a0\u00bbpost_content\u00a0\u00bb show_image_overlay=\u00a0\u00bboff\u00a0\u00bb][\/et_pb_video_slider_item][et_pb_video_slider_item admin_title=\u00a0\u00bbC &#038; C 3&Prime; src=\u00a0\u00bbhttps:\/\/youtu.be\/nolN3CdO9fY\u00a0\u00bb _builder_version=\u00a0\u00bb4.8.2&Prime; _module_preset=\u00a0\u00bbdefault\u00a0\u00bb global_colors_info=\u00a0\u00bb{}\u00a0\u00bb theme_builder_area=\u00a0\u00bbpost_content\u00a0\u00bb show_image_overlay=\u00a0\u00bboff\u00a0\u00bb][\/et_pb_video_slider_item][\/et_pb_video_slider][\/et_pb_column][et_pb_column type=\u00a0\u00bb1_2&Prime; _builder_version=\u00a0\u00bb4.16&Prime; _module_preset=\u00a0\u00bbdefault\u00a0\u00bb global_colors_info=\u00a0\u00bb{}\u00a0\u00bb theme_builder_area=\u00a0\u00bbpost_content\u00a0\u00bb][et_pb_text _builder_version=\u00a0\u00bb4.16&Prime; _module_preset=\u00a0\u00bbdefault\u00a0\u00bb header_2_font=\u00a0\u00bb|300|||||||\u00a0\u00bb header_2_font_size=\u00a0\u00bb22px\u00a0\u00bb global_colors_info=\u00a0\u00bb{}\u00a0\u00bb theme_builder_area=\u00a0\u00bbpost_content\u00a0\u00bb]<\/p>\n<h2>Mots du Dharma &#8211; 2011<\/h2>\n<p>[\/et_pb_text][et_pb_video_slider controls_color=\u00a0\u00bbdark\u00a0\u00bb _builder_version=\u00a0\u00bb4.16&Prime; width=\u00a0\u00bb100%\u00a0\u00bb module_alignment=\u00a0\u00bbcenter\u00a0\u00bb global_colors_info=\u00a0\u00bb{}\u00a0\u00bb theme_builder_area=\u00a0\u00bbpost_content\u00a0\u00bb][et_pb_video_slider_item admin_title=\u00a0\u00bbCompassion\u00a0\u00bb src=\u00a0\u00bbhttps:\/\/www.youtube.com\/watch?v=Pr3dPQKB7Wo&#038;context=C34ae1e7ADOEgsToPDskKTjufQJ7OwbI-WXXQ0k93v\u00a0\u00bb _builder_version=\u00a0\u00bb3.0.47&Prime; global_colors_info=\u00a0\u00bb{}\u00a0\u00bb theme_builder_area=\u00a0\u00bbpost_content\u00a0\u00bb show_image_overlay=\u00a0\u00bboff\u00a0\u00bb][\/et_pb_video_slider_item][et_pb_video_slider_item admin_title=\u00a0\u00bbGenerosity\u00a0\u00bb src=\u00a0\u00bbhttps:\/\/www.youtube.com\/watch?v=kfFdR7E2DCQ&#038;context=C34ae1e7ADOEgsToPDskKTjufQJ7OwbI-WXXQ0k93v\u00a0\u00bb _builder_version=\u00a0\u00bb3.0.47&Prime; global_colors_info=\u00a0\u00bb{}\u00a0\u00bb theme_builder_area=\u00a0\u00bbpost_content\u00a0\u00bb show_image_overlay=\u00a0\u00bboff\u00a0\u00bb][\/et_pb_video_slider_item][et_pb_video_slider_item admin_title=\u00a0\u00bbAnger\u00a0\u00bb src=\u00a0\u00bbhttps:\/\/www.youtube.com\/watch?v=jrRnL-ydnIw&#038;context=C34ae1e7ADOEgsToPDskKTjufQJ7OwbI-WXXQ0k93v\u00a0\u00bb _builder_version=\u00a0\u00bb3.0.47&Prime; global_colors_info=\u00a0\u00bb{}\u00a0\u00bb theme_builder_area=\u00a0\u00bbpost_content\u00a0\u00bb show_image_overlay=\u00a0\u00bboff\u00a0\u00bb][\/et_pb_video_slider_item][et_pb_video_slider_item admin_title=\u00a0\u00bbKarma\u00a0\u00bb src=\u00a0\u00bbhttps:\/\/www.youtube.com\/watch?v=BbYnw01bNT8&#038;feature=related\u00a0\u00bb _builder_version=\u00a0\u00bb3.0.47&Prime; global_colors_info=\u00a0\u00bb{}\u00a0\u00bb theme_builder_area=\u00a0\u00bbpost_content\u00a0\u00bb show_image_overlay=\u00a0\u00bboff\u00a0\u00bb][\/et_pb_video_slider_item][et_pb_video_slider_item admin_title=\u00a0\u00bbAwareness\u00a0\u00bb src=\u00a0\u00bbhttps:\/\/www.youtube.com\/watch?v=zwdXWvc_dIE&#038;feature=player_embedded#!\u00a0\u00bb _builder_version=\u00a0\u00bb3.0.47&Prime; global_colors_info=\u00a0\u00bb{}\u00a0\u00bb theme_builder_area=\u00a0\u00bbpost_content\u00a0\u00bb show_image_overlay=\u00a0\u00bboff\u00a0\u00bb][\/et_pb_video_slider_item][\/et_pb_video_slider][\/et_pb_column][\/et_pb_row][\/et_pb_section]<\/p>\n","protected":false},"excerpt":{"rendered":"<p>Vid\u00e9os \u00a0 Clart\u00e9 et compassion &#8211; Retraite \u00e0 domicile d&rsquo;\u00e9tude et de m\u00e9ditation &#8211; Avril 2021Confiner le corps, affiner l&rsquo;esprit &#8211; 2020Clart\u00e9 et compassion &#8211; Retraite \u00e0 domicile d&rsquo;\u00e9tude et [&hellip;]<\/p>\n","protected":false},"author":1,"featured_media":0,"parent":0,"menu_order":0,"comment_status":"closed","ping_status":"closed","template":"","meta":{"_et_pb_use_builder":"on","_et_pb_old_content":"","_et_gb_content_width":"","footnotes":""},"class_list":["post-798","page","type-page","status-publish","hentry"],"_links":{"self":[{"href":"https:\/\/jigmerinpoche.org\/fr\/wp-json\/wp\/v2\/pages\/798","targetHints":{"allow":["GET"]}}],"collection":[{"href":"https:\/\/jigmerinpoche.org\/fr\/wp-json\/wp\/v2\/pages"}],"about":[{"href":"https:\/\/jigmerinpoche.org\/fr\/wp-json\/wp\/v2\/types\/page"}],"author":[{"embeddable":true,"href":"https:\/\/jigmerinpoche.org\/fr\/wp-json\/wp\/v2\/users\/1"}],"replies":[{"embeddable":true,"href":"https:\/\/jigmerinpoche.org\/fr\/wp-json\/wp\/v2\/comments?post=798"}],"version-history":[{"count":3,"href":"https:\/\/jigmerinpoche.org\/fr\/wp-json\/wp\/v2\/pages\/798\/revisions"}],"predecessor-version":[{"id":803,"href":"https:\/\/jigmerinpoche.org\/fr\/wp-json\/wp\/v2\/pages\/798\/revisions\/803"}],"wp:attachment":[{"href":"https:\/\/jigmerinpoche.org\/fr\/wp-json\/wp\/v2\/media?parent=798"}],"curies":[{"name":"wp","href":"https:\/\/api.w.org\/{rel}","templated":true}]}}