{"id":804,"date":"2023-12-07T11:58:45","date_gmt":"2023-12-07T10:58:45","guid":{"rendered":"https:\/\/jigmerinpoche.org\/?page_id=804"},"modified":"2023-12-07T12:26:16","modified_gmt":"2023-12-07T11:26:16","slug":"extraits","status":"publish","type":"page","link":"https:\/\/jigmerinpoche.org\/fr\/extraits\/","title":{"rendered":"Extraits"},"content":{"rendered":"<p>[et_pb_section fb_built=\u00a0\u00bb1&Prime; admin_label=\u00a0\u00bbSection titre\u00a0\u00bb _builder_version=\u00a0\u00bb4.23.1&Prime; _module_preset=\u00a0\u00bbe2fba526-819d-4c2b-b3ab-17460bc3b30b\u00a0\u00bb global_colors_info=\u00a0\u00bb{}\u00a0\u00bb][et_pb_row _builder_version=\u00a0\u00bb4.16&Prime; _module_preset=\u00a0\u00bbdefault\u00a0\u00bb global_colors_info=\u00a0\u00bb{}\u00a0\u00bb][et_pb_column type=\u00a0\u00bb4_4&Prime; _builder_version=\u00a0\u00bb4.16&Prime; _module_preset=\u00a0\u00bbdefault\u00a0\u00bb global_colors_info=\u00a0\u00bb{}\u00a0\u00bb][et_pb_text _builder_version=\u00a0\u00bb4.23.1&Prime; _module_preset=\u00a0\u00bbbbe98a33-fe81-4a1a-8449-42862903b32a\u00a0\u00bb global_colors_info=\u00a0\u00bb{}\u00a0\u00bb]<\/p>\n<h1>Enseignements : extraits<\/h1>\n<p>[\/et_pb_text][\/et_pb_column][\/et_pb_row][\/et_pb_section][et_pb_section fb_built=\u00a0\u00bb1&Prime; _builder_version=\u00a0\u00bb4.23.1&Prime; _module_preset=\u00a0\u00bbdefault\u00a0\u00bb custom_padding=\u00a0\u00bb||10px|||\u00a0\u00bb hover_enabled=\u00a0\u00bb0&Prime; global_colors_info=\u00a0\u00bb{}\u00a0\u00bb sticky_enabled=\u00a0\u00bb0&Prime;][et_pb_row _builder_version=\u00a0\u00bb4.16&Prime; _module_preset=\u00a0\u00bbdefault\u00a0\u00bb custom_padding=\u00a0\u00bb||7px|||\u00a0\u00bb global_colors_info=\u00a0\u00bb{}\u00a0\u00bb][et_pb_column type=\u00a0\u00bb4_4&Prime; _builder_version=\u00a0\u00bb4.16&Prime; _module_preset=\u00a0\u00bbdefault\u00a0\u00bb global_colors_info=\u00a0\u00bb{}\u00a0\u00bb][et_pb_blog include_categories=\u00a0\u00bb19&Prime; show_more=\u00a0\u00bbon\u00a0\u00bb show_author=\u00a0\u00bboff\u00a0\u00bb show_date=\u00a0\u00bboff\u00a0\u00bb show_categories=\u00a0\u00bboff\u00a0\u00bb show_pagination=\u00a0\u00bboff\u00a0\u00bb _builder_version=\u00a0\u00bb4.23.1&Prime; _module_preset=\u00a0\u00bbdefault\u00a0\u00bb hover_enabled=\u00a0\u00bb0&Prime; global_colors_info=\u00a0\u00bb{}\u00a0\u00bb sticky_enabled=\u00a0\u00bb0&Prime;][\/et_pb_blog][\/et_pb_column][\/et_pb_row][\/et_pb_section][et_pb_section fb_built=\u00a0\u00bb1&Prime; _builder_version=\u00a0\u00bb4.23.1&Prime; _module_preset=\u00a0\u00bbdefault\u00a0\u00bb global_colors_info=\u00a0\u00bb{}\u00a0\u00bb border_width_top=\u00a0\u00bb2px\u00a0\u00bb border_color_top=\u00a0\u00bb#efefef\u00a0\u00bb hover_enabled=\u00a0\u00bb0&Prime; sticky_enabled=\u00a0\u00bb0&Prime;][et_pb_row _builder_version=\u00a0\u00bb4.16&Prime; _module_preset=\u00a0\u00bbdefault\u00a0\u00bb custom_padding=\u00a0\u00bb||14px|||\u00a0\u00bb global_colors_info=\u00a0\u00bb{}\u00a0\u00bb][et_pb_column type=\u00a0\u00bb4_4&Prime; _builder_version=\u00a0\u00bb4.16&Prime; _module_preset=\u00a0\u00bbdefault\u00a0\u00bb global_colors_info=\u00a0\u00bb{}\u00a0\u00bb][et_pb_text admin_label=\u00a0\u00bbFrench\u00a0\u00bb _builder_version=\u00a0\u00bb4.23.1&Prime; _module_preset=\u00a0\u00bbaccf0284-4962-4364-83a0-a9d58bde17df\u00a0\u00bb use_border_color=\u00a0\u00bboff\u00a0\u00bb global_colors_info=\u00a0\u00bb{}\u00a0\u00bb]<\/p>\n<h2 style=\"text-align: left;\">Extraits des livrets de Dhagpo<\/h2>\n<p>[\/et_pb_text][\/et_pb_column][\/et_pb_row][et_pb_row column_structure=\u00a0\u00bb1_2,1_2&Prime; admin_label=\u00a0\u00bbrow\u00a0\u00bb _builder_version=\u00a0\u00bb4.16&Prime; background_size=\u00a0\u00bbinitial\u00a0\u00bb background_position=\u00a0\u00bbtop_left\u00a0\u00bb background_repeat=\u00a0\u00bbrepeat\u00a0\u00bb custom_padding=\u00a0\u00bb11px||0px|||\u00a0\u00bb locked=\u00a0\u00bboff\u00a0\u00bb global_colors_info=\u00a0\u00bb{}\u00a0\u00bb][et_pb_column type=\u00a0\u00bb1_2&Prime; _builder_version=\u00a0\u00bb4.16&Prime; custom_padding=\u00a0\u00bb|||\u00a0\u00bb global_colors_info=\u00a0\u00bb{}\u00a0\u00bb custom_padding__hover=\u00a0\u00bb|||\u00a0\u00bb][et_pb_text _builder_version=\u00a0\u00bb4.16&Prime; _module_preset=\u00a0\u00bbdefault\u00a0\u00bb header_4_line_height=\u00a0\u00bb1.4em\u00a0\u00bb custom_margin=\u00a0\u00bb||20px|||\u00a0\u00bb global_colors_info=\u00a0\u00bb{}\u00a0\u00bb]<\/p>\n<p>\u2022 L\u2019explication de la m\u00e9ditation-r\u00e9citation de Chenrezik selon le commentaire du XV<span style=\"font-size: x-small;\"><sup>e<\/sup><\/span> Karmapa, Khakhyap Dorj\u00e9, Dhagpo Kagyu Ling, 2020, 108 p.\u00a0 <span style=\"font-size: small;\"><img loading=\"lazy\" decoding=\"async\" src=\"https:\/\/jigmerinpoche.org\/wp-content\/uploads\/2023\/12\/developper.png\" width=\"10\" height=\"10\" alt=\"\" class=\"wp-image-1584 alignnone size-full\" \/> <a href=\"https:\/\/www.dhagpo.org\/fr\/multimedia\/livrets\/extraits\/1987-explication-meditation-recitation-chenrezik\" target=\"_blank\" rel=\"noopener\">Extrait sur le site de Dhagpo<\/a><\/span><\/p>\n<p>\u2022 Du coussin \u00e0 la vaisselle &#8211; Quatre r\u00e9flexions pour m\u00e9diter au quotidien, Dhagpo Kagyu Ling, 2011, 56 p.\u00a0 <span style=\"font-size: small;\"><img loading=\"lazy\" decoding=\"async\" src=\"https:\/\/jigmerinpoche.org\/wp-content\/uploads\/2023\/12\/developper.png\" width=\"10\" height=\"10\" alt=\"\" class=\"wp-image-1584 alignnone size-full\" \/> <a href=\"https:\/\/www.dhagpo.org\/fr\/multimedia\/livrets\/extraits\/105-du-coussin-a-la-vaisselle\" target=\"_blank\" rel=\"noopener\">Extrait<\/a><\/span><\/p>\n<p>\u2022 La m\u00e9ditation mot \u00e0 mot, Dhagpo Kagyu Ling, 2010, 60 p.\u00a0 <span style=\"font-size: small;\"><img loading=\"lazy\" decoding=\"async\" src=\"https:\/\/jigmerinpoche.org\/wp-content\/uploads\/2023\/12\/developper.png\" width=\"10\" height=\"10\" alt=\"\" class=\"wp-image-1584 alignnone size-full\" \/> <a href=\"https:\/\/www.dhagpo.org\/fr\/index.php\/multimedia\/livrets\/extraits\/189-meditation-nature-de-l-esprit\" target=\"_blank\" rel=\"noopener\">Extrait\u00a0<\/a><\/span><\/p>\n<p><span><\/span><\/p>\n<p>[\/et_pb_text][\/et_pb_column][et_pb_column type=\u00a0\u00bb1_2&Prime; _builder_version=\u00a0\u00bb4.16&Prime; custom_padding=\u00a0\u00bb|||\u00a0\u00bb global_colors_info=\u00a0\u00bb{}\u00a0\u00bb custom_padding__hover=\u00a0\u00bb|||\u00a0\u00bb][et_pb_text _builder_version=\u00a0\u00bb4.16&Prime; _module_preset=\u00a0\u00bbdefault\u00a0\u00bb global_colors_info=\u00a0\u00bb{}\u00a0\u00bb]<\/p>\n<p>\u2022 Les trois options de pratique, Dhagpo Kagyu Ling, 2010, 72 p.\u00a0 <span style=\"font-size: small;\"><img loading=\"lazy\" decoding=\"async\" src=\"https:\/\/jigmerinpoche.org\/wp-content\/uploads\/2023\/12\/developper.png\" width=\"10\" height=\"10\" alt=\"\" class=\"wp-image-1584 alignnone size-full\" \/>\u00a0<a href=\"https:\/\/www.dhagpo.org\/fr\/multimedia\/livrets\/extraits\/104-trois-options-de-pratique\" target=\"_blank\" rel=\"noopener\">Extrait<\/a><\/span><\/p>\n<p>\u2022 La pratique : se relier, Dhagpo Kagyu Ling, 2010, 72 p.\u00a0 <span style=\"font-size: small;\"><img loading=\"lazy\" decoding=\"async\" src=\"https:\/\/jigmerinpoche.org\/wp-content\/uploads\/2023\/12\/developper.png\" width=\"10\" height=\"10\" alt=\"\" class=\"wp-image-1584 alignnone size-full\" \/> <a href=\"https:\/\/www.dhagpo.org\/fr\/multimedia\/livrets\/extraits\/96-la-vision-d-un-bodhisattva\" target=\"_blank\" rel=\"noopener\">Extrait\u00a0<\/a><\/span><\/p>\n<p>\u2022 La m\u00e9ditation, Dhagpo Kagyu Ling, 2007, 32 p.\u00a0 <span style=\"font-size: small;\"><img loading=\"lazy\" decoding=\"async\" src=\"https:\/\/jigmerinpoche.org\/wp-content\/uploads\/2023\/12\/developper.png\" width=\"10\" height=\"10\" alt=\"\" class=\"wp-image-1584 alignnone size-full\" \/> <a href=\"https:\/\/www.dhagpo.org\/fr\/multimedia\/livrets\/extraits\/2-la-meditation\" target=\"_blank\" rel=\"noopener\">Extrait<\/a><\/span><\/p>\n<p>[\/et_pb_text][\/et_pb_column][\/et_pb_row][et_pb_row column_structure=\u00a0\u00bb1_6,1_6,1_6,1_6,1_6,1_6&Prime; _builder_version=\u00a0\u00bb4.16&Prime; _module_preset=\u00a0\u00bbdefault\u00a0\u00bb global_colors_info=\u00a0\u00bb{}\u00a0\u00bb][et_pb_column type=\u00a0\u00bb1_6&Prime; _builder_version=\u00a0\u00bb4.16&Prime; _module_preset=\u00a0\u00bbdefault\u00a0\u00bb global_colors_info=\u00a0\u00bb{}\u00a0\u00bb][et_pb_image src=\u00a0\u00bbhttps:\/\/jigmerinpoche.org\/wp-content\/uploads\/2023\/12\/livret_chenrezik_couv_544x768.jpg\u00a0\u00bb alt=\u00a0\u00bbL\u2019explication de la m\u00e9ditation-r\u00e9citation de Chenrezik selon le commentaire du XVe Karmapa, Khakhyap Dorj\u00e9 par lama Jigm\u00e9 Rinpoch\u00e9 &#8211;\u00a0\u00bb title_text=\u00a0\u00bbL\u2019explication de la m\u00e9ditation-r\u00e9citation de Chenrezik selon le commentaire du XVe Karmapa, Khakhyap Dorj\u00e9 par lama Jigm\u00e9 Rinpoch\u00e9 &#8211;\u00a0\u00bb url=\u00a0\u00bbhttps:\/\/www.dhagpo.org\/fr\/multimedia\/livrets\/extraits\/1987-explication-meditation-recitation-chenrezik\u00a0\u00bb url_new_window=\u00a0\u00bbon\u00a0\u00bb _builder_version=\u00a0\u00bb4.16&Prime; _module_preset=\u00a0\u00bbdefault\u00a0\u00bb border_width_all=\u00a0\u00bb1px\u00a0\u00bb border_color_all=\u00a0\u00bb#dbdbdb\u00a0\u00bb global_colors_info=\u00a0\u00bb{}\u00a0\u00bb][\/et_pb_image][\/et_pb_column][et_pb_column type=\u00a0\u00bb1_6&Prime; _builder_version=\u00a0\u00bb4.16&Prime; _module_preset=\u00a0\u00bbdefault\u00a0\u00bb global_colors_info=\u00a0\u00bb{}\u00a0\u00bb][et_pb_image src=\u00a0\u00bbhttps:\/\/jigmerinpoche.org\/wp-content\/uploads\/2023\/12\/fr_livret_coussin_vaisselle_couv_544x768.jpg\u00a0\u00bb alt=\u00a0\u00bbDu coussin \u00e0 la vaisselle &#8211; Quatre r\u00e9flexions pour m\u00e9diter au quotidien Juin 2011 (KTT Perpignan) &#8211; Lama Jigm\u00e9 Rinpoch\u00e9 &#8211; 56 pages\u00a0\u00bb title_text=\u00a0\u00bbDu coussin \u00e0 la vaisselle &#8211; Quatre r\u00e9flexions pour m\u00e9diter au quotidien Juin 2011 (KTT Perpignan) &#8211; Lama Jigm\u00e9 Rinpoch\u00e9 &#8211; 56 pages\u00a0\u00bb url=\u00a0\u00bbhttps:\/\/www.dhagpo.org\/fr\/multimedia\/livrets\/extraits\/105-du-coussin-a-la-vaisselle\u00a0\u00bb url_new_window=\u00a0\u00bbon\u00a0\u00bb _builder_version=\u00a0\u00bb4.16&Prime; _module_preset=\u00a0\u00bbdefault\u00a0\u00bb border_width_all=\u00a0\u00bb1px\u00a0\u00bb border_color_all=\u00a0\u00bb#dbdbdb\u00a0\u00bb global_colors_info=\u00a0\u00bb{}\u00a0\u00bb][\/et_pb_image][\/et_pb_column][et_pb_column type=\u00a0\u00bb1_6&Prime; _builder_version=\u00a0\u00bb4.16&Prime; _module_preset=\u00a0\u00bbdefault\u00a0\u00bb global_colors_info=\u00a0\u00bb{}\u00a0\u00bb][et_pb_image src=\u00a0\u00bbhttps:\/\/jigmerinpoche.org\/wp-content\/uploads\/2023\/12\/fr_livret_meditation_mot_a_mot_couv_544x768.jpg\u00a0\u00bb alt=\u00a0\u00bbLa m\u00e9ditation mot \u00e0 mot &#8211; Lama Jigm\u00e9 Rinpoch\u00e9\u00a0\u00bb title_text=\u00a0\u00bbLa m\u00e9ditation mot \u00e0 mot &#8211; Lama Jigm\u00e9 Rinpoch\u00e9\u00a0\u00bb url=\u00a0\u00bbhttps:\/\/www.dhagpo.org\/fr\/index.php\/multimedia\/livrets\/extraits\/189-meditation-nature-de-l-esprit\u00a0\u00bb url_new_window=\u00a0\u00bbon\u00a0\u00bb _builder_version=\u00a0\u00bb4.16&Prime; _module_preset=\u00a0\u00bbdefault\u00a0\u00bb border_width_all=\u00a0\u00bb1px\u00a0\u00bb border_color_all=\u00a0\u00bb#dbdbdb\u00a0\u00bb global_colors_info=\u00a0\u00bb{}\u00a0\u00bb][\/et_pb_image][\/et_pb_column][et_pb_column type=\u00a0\u00bb1_6&Prime; _builder_version=\u00a0\u00bb4.16&Prime; _module_preset=\u00a0\u00bbdefault\u00a0\u00bb global_colors_info=\u00a0\u00bb{}\u00a0\u00bb][et_pb_image src=\u00a0\u00bbhttps:\/\/jigmerinpoche.org\/wp-content\/uploads\/2023\/12\/fr_livret_3_options_pratique_couv_544x768.jpg\u00a0\u00bb alt=\u00a0\u00bbLes trois options de pratique &#8211; Lama Jigm\u00e9 Rinpoch\u00e9 \u00a0\u00bb title_text=\u00a0\u00bbLes trois options de pratique &#8211; Lama Jigm\u00e9 Rinpoch\u00e9 \u00a0\u00bb url=\u00a0\u00bbhttps:\/\/www.dhagpo.org\/fr\/index.php\/multimedia\/livrets\/extraits\/104-trois-options-de-pratique\u00a0\u00bb url_new_window=\u00a0\u00bbon\u00a0\u00bb _builder_version=\u00a0\u00bb4.16&Prime; _module_preset=\u00a0\u00bbdefault\u00a0\u00bb border_width_all=\u00a0\u00bb1px\u00a0\u00bb border_color_all=\u00a0\u00bb#dbdbdb\u00a0\u00bb global_colors_info=\u00a0\u00bb{}\u00a0\u00bb][\/et_pb_image][\/et_pb_column][et_pb_column type=\u00a0\u00bb1_6&Prime; _builder_version=\u00a0\u00bb4.16&Prime; _module_preset=\u00a0\u00bbdefault\u00a0\u00bb global_colors_info=\u00a0\u00bb{}\u00a0\u00bb][et_pb_image src=\u00a0\u00bbhttps:\/\/jigmerinpoche.org\/wp-content\/uploads\/2023\/12\/fr_livret_pratique_relier_couv_544x768.jpg\u00a0\u00bb alt=\u00a0\u00bbLa pratique : se relier &#8211; Lama Jigm\u00e9 Rinpoch\u00e9\u00a0\u00bb title_text=\u00a0\u00bbLa pratique : se relier &#8211; Lama Jigm\u00e9 Rinpoch\u00e9\u00a0\u00bb url=\u00a0\u00bbhttps:\/\/www.dhagpo.org\/fr\/multimedia\/livrets\/extraits\/96-la-vision-d-un-bodhisattva\u00a0\u00bb url_new_window=\u00a0\u00bbon\u00a0\u00bb _builder_version=\u00a0\u00bb4.16&Prime; _module_preset=\u00a0\u00bbdefault\u00a0\u00bb border_width_all=\u00a0\u00bb1px\u00a0\u00bb border_color_all=\u00a0\u00bb#dbdbdb\u00a0\u00bb global_colors_info=\u00a0\u00bb{}\u00a0\u00bb][\/et_pb_image][\/et_pb_column][et_pb_column type=\u00a0\u00bb1_6&Prime; _builder_version=\u00a0\u00bb4.16&Prime; _module_preset=\u00a0\u00bbdefault\u00a0\u00bb global_colors_info=\u00a0\u00bb{}\u00a0\u00bb][et_pb_image src=\u00a0\u00bbhttps:\/\/jigmerinpoche.org\/wp-content\/uploads\/2023\/12\/fr_livret_meditation_couv_544x768.jpg\u00a0\u00bb alt=\u00a0\u00bbLa m\u00e9ditation &#8211; Lama Jigm\u00e9 Rinpoch\u00e9 \u00a0\u00bb title_text=\u00a0\u00bbLa m\u00e9ditation &#8211; Lama Jigm\u00e9 Rinpoch\u00e9 \u00a0\u00bb url=\u00a0\u00bbhttps:\/\/www.dhagpo.org\/fr\/multimedia\/livrets\/extraits\/2-la-meditation\u00a0\u00bb url_new_window=\u00a0\u00bbon\u00a0\u00bb _builder_version=\u00a0\u00bb4.16&Prime; _module_preset=\u00a0\u00bbdefault\u00a0\u00bb border_width_all=\u00a0\u00bb1px\u00a0\u00bb border_color_all=\u00a0\u00bb#dbdbdb\u00a0\u00bb global_colors_info=\u00a0\u00bb{}\u00a0\u00bb][\/et_pb_image][\/et_pb_column][\/et_pb_row][\/et_pb_section]<\/p>\n","protected":false},"excerpt":{"rendered":"<p>Enseignements : extraitsExtraits des livrets de Dhagpo\u2022 L\u2019explication de la m\u00e9ditation-r\u00e9citation de Chenrezik selon le commentaire du XVe Karmapa, Khakhyap Dorj\u00e9, Dhagpo Kagyu Ling, 2020, 108 p.\u00a0 Extrait sur le [&hellip;]<\/p>\n","protected":false},"author":1,"featured_media":0,"parent":0,"menu_order":0,"comment_status":"closed","ping_status":"closed","template":"","meta":{"_et_pb_use_builder":"on","_et_pb_old_content":"","_et_gb_content_width":"","footnotes":""},"class_list":["post-804","page","type-page","status-publish","hentry"],"_links":{"self":[{"href":"https:\/\/jigmerinpoche.org\/fr\/wp-json\/wp\/v2\/pages\/804","targetHints":{"allow":["GET"]}}],"collection":[{"href":"https:\/\/jigmerinpoche.org\/fr\/wp-json\/wp\/v2\/pages"}],"about":[{"href":"https:\/\/jigmerinpoche.org\/fr\/wp-json\/wp\/v2\/types\/page"}],"author":[{"embeddable":true,"href":"https:\/\/jigmerinpoche.org\/fr\/wp-json\/wp\/v2\/users\/1"}],"replies":[{"embeddable":true,"href":"https:\/\/jigmerinpoche.org\/fr\/wp-json\/wp\/v2\/comments?post=804"}],"version-history":[{"count":5,"href":"https:\/\/jigmerinpoche.org\/fr\/wp-json\/wp\/v2\/pages\/804\/revisions"}],"predecessor-version":[{"id":826,"href":"https:\/\/jigmerinpoche.org\/fr\/wp-json\/wp\/v2\/pages\/804\/revisions\/826"}],"wp:attachment":[{"href":"https:\/\/jigmerinpoche.org\/fr\/wp-json\/wp\/v2\/media?parent=804"}],"curies":[{"name":"wp","href":"https:\/\/api.w.org\/{rel}","templated":true}]}}