{"id":895,"date":"2023-12-14T19:50:31","date_gmt":"2023-12-14T18:50:31","guid":{"rendered":"https:\/\/jigmerinpoche.org\/?page_id=895"},"modified":"2024-10-12T19:00:26","modified_gmt":"2024-10-12T17:00:26","slug":"actualites","status":"publish","type":"page","link":"https:\/\/jigmerinpoche.org\/fr\/actualites\/","title":{"rendered":"Actualit\u00e9s"},"content":{"rendered":"<p>[et_pb_section fb_built=\u00a0\u00bb1&Prime; admin_label=\u00a0\u00bbSection titre\u00a0\u00bb _builder_version=\u00a0\u00bb4.23.1&Prime; _module_preset=\u00a0\u00bbe2fba526-819d-4c2b-b3ab-17460bc3b30b\u00a0\u00bb global_colors_info=\u00a0\u00bb{}\u00a0\u00bb][et_pb_row _builder_version=\u00a0\u00bb4.16&Prime; _module_preset=\u00a0\u00bbdefault\u00a0\u00bb global_colors_info=\u00a0\u00bb{}\u00a0\u00bb][et_pb_column type=\u00a0\u00bb4_4&Prime; _builder_version=\u00a0\u00bb4.16&Prime; _module_preset=\u00a0\u00bbdefault\u00a0\u00bb global_colors_info=\u00a0\u00bb{}\u00a0\u00bb][et_pb_text _builder_version=\u00a0\u00bb4.23.1&Prime; _module_preset=\u00a0\u00bbbbe98a33-fe81-4a1a-8449-42862903b32a\u00a0\u00bb global_colors_info=\u00a0\u00bb{}\u00a0\u00bb]<\/p>\n<h1>Actualit\u00e9s<\/h1>\n<p>[\/et_pb_text][\/et_pb_column][\/et_pb_row][\/et_pb_section][et_pb_section fb_built=\u00a0\u00bb1&Prime; admin_label=\u00a0\u00bbsection\u00a0\u00bb _builder_version=\u00a0\u00bb4.16&Prime; global_colors_info=\u00a0\u00bb{}\u00a0\u00bb][et_pb_row column_structure=\u00a0\u00bb2_5,3_5&Prime; admin_label=\u00a0\u00bbrow\u00a0\u00bb _builder_version=\u00a0\u00bb4.16&Prime; background_size=\u00a0\u00bbinitial\u00a0\u00bb background_position=\u00a0\u00bbtop_left\u00a0\u00bb background_repeat=\u00a0\u00bbrepeat\u00a0\u00bb global_colors_info=\u00a0\u00bb{}\u00a0\u00bb][et_pb_column type=\u00a0\u00bb2_5&Prime; _builder_version=\u00a0\u00bb4.16&Prime; custom_padding=\u00a0\u00bb|||\u00a0\u00bb global_colors_info=\u00a0\u00bb{}\u00a0\u00bb custom_padding__hover=\u00a0\u00bb|||\u00a0\u00bb][et_pb_text _builder_version=\u00a0\u00bb4.27.2&Prime; _module_preset=\u00a0\u00bbdefault\u00a0\u00bb custom_padding=\u00a0\u00bb||0px|||\u00a0\u00bb hover_enabled=\u00a0\u00bb0&Prime; global_colors_info=\u00a0\u00bb{}\u00a0\u00bb sticky_enabled=\u00a0\u00bb0&Prime;]<\/p>\n<p>Suivez ici les actualit\u00e9s partag\u00e9es sur le flux Facebook de lama Jigm\u00e9 Rinpoch\u00e9.<\/p>\n<p>\u2013 Voir aussi : <a href=\"https:\/\/www.facebook.com\/lamajigmerinpoche\" target=\"_blank\" rel=\"noopener\" title=\"profil personnel sur Facebook\">profil personnel sur Facebook <\/a><\/p>\n<p><span style=\"font-size: small;\"><em>Si vous souhaitez voir ce contenu, veuillez d\u00e9sactiver votre bloqueur de publicit\u00e9 pour ce site web.<\/em><\/span><\/p>\n<p>[\/et_pb_text][\/et_pb_column][et_pb_column type=\u00a0\u00bb3_5&Prime; _builder_version=\u00a0\u00bb4.16&Prime; custom_padding=\u00a0\u00bb|||\u00a0\u00bb global_colors_info=\u00a0\u00bb{}\u00a0\u00bb custom_padding__hover=\u00a0\u00bb|||\u00a0\u00bb][et_pb_text admin_label=\u00a0\u00bbText\u00a0\u00bb _builder_version=\u00a0\u00bb4.16&Prime; background_size=\u00a0\u00bbinitial\u00a0\u00bb background_position=\u00a0\u00bbtop_left\u00a0\u00bb background_repeat=\u00a0\u00bbrepeat\u00a0\u00bb use_border_color=\u00a0\u00bboff\u00a0\u00bb border_color=\u00a0\u00bb#ffffff\u00a0\u00bb border_style=\u00a0\u00bbsolid\u00a0\u00bb global_colors_info=\u00a0\u00bb{}\u00a0\u00bb]<\/p>\n<div class=\"fb-page\" data-href=\"https:\/\/www.facebook.com\/lamajigmela\/\" data-tabs=\"timeline\" data-width=\"500\" data-height=\"700\" data-small-header=\"false\" data-adapt-container-width=\"true\" data-hide-cover=\"false\" data-show-facepile=\"true\">\n<blockquote class=\"fb-xfbml-parse-ignore\" cite=\"https:\/\/www.facebook.com\/lamajigmela\/\"><p><a href=\"https:\/\/www.facebook.com\/lamajigmela\/\">Lama Jigm\u00e9 Rinpoch\u00e9<\/a><\/p><\/blockquote>\n<\/div>\n<p>[\/et_pb_text][\/et_pb_column][\/et_pb_row][\/et_pb_section]<\/p>\n","protected":false},"excerpt":{"rendered":"<p>Actualit\u00e9sSuivez ici les actualit\u00e9s partag\u00e9es sur le flux Facebook de lama Jigm\u00e9 Rinpoch\u00e9. \u2013 Voir aussi : profil personnel sur Facebook Si vous souhaitez voir ce contenu, veuillez d\u00e9sactiver votre [&hellip;]<\/p>\n","protected":false},"author":1,"featured_media":0,"parent":0,"menu_order":0,"comment_status":"closed","ping_status":"closed","template":"","meta":{"_et_pb_use_builder":"on","_et_pb_old_content":"<p>[et_pb_section fb_built=\"1\" admin_label=\"Section titre\" _builder_version=\"4.23.1\" _module_preset=\"e2fba526-819d-4c2b-b3ab-17460bc3b30b\" global_colors_info=\"{}\" theme_builder_area=\"post_content\" hover_enabled=\"0\" sticky_enabled=\"0\"][et_pb_row _builder_version=\"4.16\" _module_preset=\"default\" global_colors_info=\"{}\" theme_builder_area=\"post_content\"][et_pb_column type=\"4_4\" _builder_version=\"4.16\" _module_preset=\"default\" global_colors_info=\"{}\" theme_builder_area=\"post_content\"][et_pb_text _builder_version=\"4.23.1\" _module_preset=\"bbe98a33-fe81-4a1a-8449-42862903b32a\" global_colors_info=\"{}\" theme_builder_area=\"post_content\" hover_enabled=\"0\" sticky_enabled=\"0\"]<\/p><h1>News<\/h1><p>[\/et_pb_text][\/et_pb_column][\/et_pb_row][\/et_pb_section][et_pb_section fb_built=\"1\" admin_label=\"section\" _builder_version=\"4.16\" global_colors_info=\"{}\" theme_builder_area=\"post_content\"][et_pb_row column_structure=\"2_5,3_5\" admin_label=\"row\" _builder_version=\"4.16\" background_size=\"initial\" background_position=\"top_left\" background_repeat=\"repeat\" global_colors_info=\"{}\" theme_builder_area=\"post_content\"][et_pb_column type=\"2_5\" _builder_version=\"4.16\" custom_padding=\"|||\" global_colors_info=\"{}\" custom_padding__hover=\"|||\" theme_builder_area=\"post_content\"][et_pb_text _builder_version=\"4.23.1\" _module_preset=\"default\" theme_builder_area=\"post_content\" hover_enabled=\"0\" sticky_enabled=\"0\" custom_padding=\"||0px|||\"]<\/p><p>Follow here the news shared on Lama Jigme Rinpoche\u2019s Facebook page.<\/p><p>\u2013 See also:\u00a0<a href=\"https:\/\/web.archive.org\/web\/20230603083422\/https:\/\/www.facebook.com\/lamajigmerinpoche\" target=\"_blank\" rel=\"noopener\">Personal Profile on Facebook\u00a0<\/a><\/p><p><span style=\"font-size: small;\"><em>If you want to see this content please disable your ad blocker for this website.<\/em><\/span><\/p><p>[\/et_pb_text][\/et_pb_column][et_pb_column type=\"3_5\" _builder_version=\"4.16\" custom_padding=\"|||\" global_colors_info=\"{}\" custom_padding__hover=\"|||\" theme_builder_area=\"post_content\"][et_pb_text admin_label=\"Text\" _builder_version=\"4.16\" background_size=\"initial\" background_position=\"top_left\" background_repeat=\"repeat\" hover_enabled=\"0\" use_border_color=\"off\" border_color=\"#ffffff\" border_style=\"solid\" global_colors_info=\"{}\" theme_builder_area=\"post_content\" sticky_enabled=\"0\"]<\/p><div class=\"fb-page\" data-href=\"https:\/\/www.facebook.com\/lamajigmela\/\" data-tabs=\"timeline\" data-width=\"500\" data-height=\"700\" data-small-header=\"false\" data-adapt-container-width=\"true\" data-hide-cover=\"false\" data-show-facepile=\"true\"><blockquote class=\"fb-xfbml-parse-ignore\" cite=\"https:\/\/www.facebook.com\/lamajigmela\/\"><p><a href=\"https:\/\/www.facebook.com\/lamajigmela\/\">Lama Jigm\u00e9 Rinpoch\u00e9<\/a><\/p><\/blockquote><\/div><p>[\/et_pb_text][\/et_pb_column][\/et_pb_row][\/et_pb_section]<\/p>","_et_gb_content_width":"","footnotes":""},"class_list":["post-895","page","type-page","status-publish","hentry"],"_links":{"self":[{"href":"https:\/\/jigmerinpoche.org\/fr\/wp-json\/wp\/v2\/pages\/895","targetHints":{"allow":["GET"]}}],"collection":[{"href":"https:\/\/jigmerinpoche.org\/fr\/wp-json\/wp\/v2\/pages"}],"about":[{"href":"https:\/\/jigmerinpoche.org\/fr\/wp-json\/wp\/v2\/types\/page"}],"author":[{"embeddable":true,"href":"https:\/\/jigmerinpoche.org\/fr\/wp-json\/wp\/v2\/users\/1"}],"replies":[{"embeddable":true,"href":"https:\/\/jigmerinpoche.org\/fr\/wp-json\/wp\/v2\/comments?post=895"}],"version-history":[{"count":6,"href":"https:\/\/jigmerinpoche.org\/fr\/wp-json\/wp\/v2\/pages\/895\/revisions"}],"predecessor-version":[{"id":1261,"href":"https:\/\/jigmerinpoche.org\/fr\/wp-json\/wp\/v2\/pages\/895\/revisions\/1261"}],"wp:attachment":[{"href":"https:\/\/jigmerinpoche.org\/fr\/wp-json\/wp\/v2\/media?parent=895"}],"curies":[{"name":"wp","href":"https:\/\/api.w.org\/{rel}","templated":true}]}}